{"id":892,"date":"2023-01-22T21:19:10","date_gmt":"2023-01-22T20:19:10","guid":{"rendered":"https:\/\/www.trimeccanica.com\/?page_id=892"},"modified":"2023-02-16T07:38:13","modified_gmt":"2023-02-16T06:38:13","slug":"benne-scavo-rinforzate","status":"publish","type":"page","link":"https:\/\/www.trimeccanica.com\/it\/prodotti\/attrezzature-per-escavatori\/benne-scavo-rinforzate\/","title":{"rendered":"Benne Scavo Rinforzate"},"content":{"rendered":"\t\t<div data-elementor-type=\"wp-post\" data-elementor-id=\"892\" class=\"elementor elementor-892\">\n\t\t\t\t\t\t<section class=\"elementor-section elementor-top-section elementor-element elementor-element-33a79095 trimex-title-box elementor-section-boxed elementor-section-height-default elementor-section-height-default wpr-particle-no wpr-jarallax-no wpr-parallax-no wpr-sticky-section-no wpr-column-slider-no wpr-equal-height-no\" data-id=\"33a79095\" data-element_type=\"section\" data-e-type=\"section\" data-settings=\"{&quot;background_background&quot;:&quot;classic&quot;}\">\n\t\t\t\t\t\t\t<div class=\"elementor-background-overlay\"><\/div>\n\t\t\t\t\t\t\t<div class=\"elementor-container elementor-column-gap-default\">\n\t\t\t\t\t<div class=\"elementor-column elementor-col-100 elementor-top-column elementor-element elementor-element-3706530d\" data-id=\"3706530d\" data-element_type=\"column\" data-e-type=\"column\">\n\t\t\t<div class=\"elementor-widget-wrap elementor-element-populated\">\n\t\t\t\t\t\t<div class=\"elementor-element elementor-element-537de1f elementor-widget elementor-widget-heading\" data-id=\"537de1f\" data-element_type=\"widget\" data-e-type=\"widget\" data-widget_type=\"heading.default\">\n\t\t\t\t<div class=\"elementor-widget-container\">\n\t\t\t\t\t<h1 class=\"elementor-heading-title elementor-size-default\">bENNE SCAVO RINFORZATE<\/h1>\t\t\t\t<\/div>\n\t\t\t\t<\/div>\n\t\t\t\t<div class=\"elementor-element elementor-element-f8d9165 elementor-widget elementor-widget-heading\" data-id=\"f8d9165\" data-element_type=\"widget\" data-e-type=\"widget\" data-widget_type=\"heading.default\">\n\t\t\t\t<div class=\"elementor-widget-container\">\n\t\t\t\t\t<h3 class=\"elementor-heading-title elementor-size-default\">Scopri la nostra gamma di Benne Scavo Rinforzate<\/h3>\t\t\t\t<\/div>\n\t\t\t\t<\/div>\n\t\t\t\t\t<\/div>\n\t\t<\/div>\n\t\t\t\t\t<\/div>\n\t\t<\/section>\n\t\t\t\t<section class=\"elementor-section elementor-top-section elementor-element elementor-element-2fcbf39 trimex-subtitle-box elementor-section-boxed elementor-section-height-default elementor-section-height-default wpr-particle-no wpr-jarallax-no wpr-parallax-no wpr-sticky-section-no wpr-column-slider-no wpr-equal-height-no\" data-id=\"2fcbf39\" data-element_type=\"section\" data-e-type=\"section\">\n\t\t\t\t\t\t<div class=\"elementor-container elementor-column-gap-default\">\n\t\t\t\t\t<div class=\"elementor-column elementor-col-100 elementor-top-column elementor-element elementor-element-0e64247\" data-id=\"0e64247\" data-element_type=\"column\" data-e-type=\"column\">\n\t\t\t<div class=\"elementor-widget-wrap elementor-element-populated\">\n\t\t\t\t\t\t<div class=\"elementor-element elementor-element-810407f elementor-widget elementor-widget-text-editor\" data-id=\"810407f\" data-element_type=\"widget\" data-e-type=\"widget\" data-widget_type=\"text-editor.default\">\n\t\t\t\t<div class=\"elementor-widget-container\">\n\t\t\t\t\t\t\t\t\t<p>La gamma di Benne Scavo Rinforzate Trimeccanica mantiene le caratteristiche delle Benne Standard,\u00a0 sebbene siano realizzate con materiali resistenti a maggior usura.<\/p>\t\t\t\t\t\t\t\t<\/div>\n\t\t\t\t<\/div>\n\t\t\t\t\t<\/div>\n\t\t<\/div>\n\t\t\t\t\t<\/div>\n\t\t<\/section>\n\t\t\t\t<section class=\"elementor-section elementor-inner-section elementor-element elementor-element-d6c60ea trimex-3-col-box elementor-section-boxed elementor-section-height-default elementor-section-height-default wpr-particle-no wpr-jarallax-no wpr-parallax-no wpr-sticky-section-no wpr-column-slider-no wpr-equal-height-no\" data-id=\"d6c60ea\" data-element_type=\"section\" data-e-type=\"section\">\n\t\t\t\t\t\t<div class=\"elementor-container elementor-column-gap-default\">\n\t\t\t\t\t<div class=\"elementor-column elementor-col-33 elementor-inner-column elementor-element elementor-element-bce40d9\" data-id=\"bce40d9\" data-element_type=\"column\" data-e-type=\"column\">\n\t\t\t<div class=\"elementor-widget-wrap elementor-element-populated\">\n\t\t\t\t\t\t<div class=\"elementor-element elementor-element-cce00ea img-box-shadow elementor-widget elementor-widget-image\" data-id=\"cce00ea\" data-element_type=\"widget\" data-e-type=\"widget\" data-widget_type=\"image.default\">\n\t\t\t\t<div class=\"elementor-widget-container\">\n\t\t\t\t\t\t\t\t\t\t\t\t\t\t\t\t<a href=\"https:\/\/www.trimeccanica.com\/it\/prodotti\/attrezzature-per-escavatori\/benne-scavo-rinforzate\/special\/\">\n\t\t\t\t\t\t\t<img fetchpriority=\"high\" decoding=\"async\" width=\"577\" height=\"433\" src=\"https:\/\/www.trimeccanica.com\/wp-content\/uploads\/2023\/02\/GOPR7256-removebg-preview.png\" class=\"attachment-large size-large wp-image-1670\" alt=\"Benna Speciale SPC Trimeccanica\" srcset=\"https:\/\/www.trimeccanica.com\/wp-content\/uploads\/2023\/02\/GOPR7256-removebg-preview.png 577w, https:\/\/www.trimeccanica.com\/wp-content\/uploads\/2023\/02\/GOPR7256-removebg-preview-300x225.png 300w, https:\/\/www.trimeccanica.com\/wp-content\/uploads\/2023\/02\/GOPR7256-removebg-preview-16x12.png 16w\" sizes=\"(max-width: 577px) 100vw, 577px\" \/>\t\t\t\t\t\t\t\t<\/a>\n\t\t\t\t\t\t\t\t\t\t\t\t\t\t\t<\/div>\n\t\t\t\t<\/div>\n\t\t\t\t<div class=\"elementor-element elementor-element-c17baf9 elementor-widget elementor-widget-image-box\" data-id=\"c17baf9\" data-element_type=\"widget\" data-e-type=\"widget\" data-widget_type=\"image-box.default\">\n\t\t\t\t<div class=\"elementor-widget-container\">\n\t\t\t\t\t<div class=\"elementor-image-box-wrapper\"><div class=\"elementor-image-box-content\"><h5 class=\"elementor-image-box-title\">BENNA SPECIAL<\/h5><p class=\"elementor-image-box-description\">Benna Special SPC rinforzata con taglienti  migliora la qualit\u00e0 dello scavo in larghezze strette.<\/p><\/div><\/div>\t\t\t\t<\/div>\n\t\t\t\t<\/div>\n\t\t\t\t<div class=\"elementor-element elementor-element-5360893 elementor-align-center elementor-widget elementor-widget-button\" data-id=\"5360893\" data-element_type=\"widget\" data-e-type=\"widget\" data-widget_type=\"button.default\">\n\t\t\t\t<div class=\"elementor-widget-container\">\n\t\t\t\t\t\t\t\t\t<div class=\"elementor-button-wrapper\">\n\t\t\t\t\t<a class=\"elementor-button elementor-button-link elementor-size-sm\" href=\"https:\/\/www.trimeccanica.com\/it\/prodotti\/attrezzature-per-escavatori\/benne-scavo-rinforzate\/special\/\">\n\t\t\t\t\t\t<span class=\"elementor-button-content-wrapper\">\n\t\t\t\t\t\t\t\t\t<span class=\"elementor-button-text\">Scopri di pi\u00f9<\/span>\n\t\t\t\t\t<\/span>\n\t\t\t\t\t<\/a>\n\t\t\t\t<\/div>\n\t\t\t\t\t\t\t\t<\/div>\n\t\t\t\t<\/div>\n\t\t\t\t\t<\/div>\n\t\t<\/div>\n\t\t\t\t<div class=\"elementor-column elementor-col-33 elementor-inner-column elementor-element elementor-element-53c0b2f\" data-id=\"53c0b2f\" data-element_type=\"column\" data-e-type=\"column\">\n\t\t\t<div class=\"elementor-widget-wrap elementor-element-populated\">\n\t\t\t\t\t\t<div class=\"elementor-element elementor-element-9b2d79a img-box-shadow elementor-widget elementor-widget-image\" data-id=\"9b2d79a\" data-element_type=\"widget\" data-e-type=\"widget\" data-widget_type=\"image.default\">\n\t\t\t\t<div class=\"elementor-widget-container\">\n\t\t\t\t\t\t\t\t\t\t\t\t\t\t\t\t<a href=\"https:\/\/www.trimeccanica.com\/it\/prodotti\/attrezzature-per-escavatori\/benne-scavo-rinforzate\/benna-hdx\/\">\n\t\t\t\t\t\t\t<img decoding=\"async\" width=\"577\" height=\"433\" src=\"https:\/\/www.trimeccanica.com\/wp-content\/uploads\/2023\/02\/GOPR7477-removebg-preview.png\" class=\"attachment-large size-large wp-image-1661\" alt=\"Benna HDX Trimeccanica\" srcset=\"https:\/\/www.trimeccanica.com\/wp-content\/uploads\/2023\/02\/GOPR7477-removebg-preview.png 577w, https:\/\/www.trimeccanica.com\/wp-content\/uploads\/2023\/02\/GOPR7477-removebg-preview-300x225.png 300w, https:\/\/www.trimeccanica.com\/wp-content\/uploads\/2023\/02\/GOPR7477-removebg-preview-16x12.png 16w\" sizes=\"(max-width: 577px) 100vw, 577px\" \/>\t\t\t\t\t\t\t\t<\/a>\n\t\t\t\t\t\t\t\t\t\t\t\t\t\t\t<\/div>\n\t\t\t\t<\/div>\n\t\t\t\t<div class=\"elementor-element elementor-element-7cef5d6 elementor-widget elementor-widget-image-box\" data-id=\"7cef5d6\" data-element_type=\"widget\" data-e-type=\"widget\" data-widget_type=\"image-box.default\">\n\t\t\t\t<div class=\"elementor-widget-container\">\n\t\t\t\t\t<div class=\"elementor-image-box-wrapper\"><div class=\"elementor-image-box-content\"><h5 class=\"elementor-image-box-title\">BENNA HDX<\/h5><p class=\"elementor-image-box-description\">Benna HDX \u00e8 adatta all'utilizzo su terreni compatti per la movimentazione, scavo e carico.<\/p><\/div><\/div>\t\t\t\t<\/div>\n\t\t\t\t<\/div>\n\t\t\t\t<div class=\"elementor-element elementor-element-e913e06 elementor-align-center elementor-widget elementor-widget-button\" data-id=\"e913e06\" data-element_type=\"widget\" data-e-type=\"widget\" data-widget_type=\"button.default\">\n\t\t\t\t<div class=\"elementor-widget-container\">\n\t\t\t\t\t\t\t\t\t<div class=\"elementor-button-wrapper\">\n\t\t\t\t\t<a class=\"elementor-button elementor-button-link elementor-size-sm\" href=\"https:\/\/www.trimeccanica.com\/it\/prodotti\/attrezzature-per-escavatori\/benne-scavo-rinforzate\/benna-hdx\/\">\n\t\t\t\t\t\t<span class=\"elementor-button-content-wrapper\">\n\t\t\t\t\t\t\t\t\t<span class=\"elementor-button-text\">Scopri di pi\u00f9<\/span>\n\t\t\t\t\t<\/span>\n\t\t\t\t\t<\/a>\n\t\t\t\t<\/div>\n\t\t\t\t\t\t\t\t<\/div>\n\t\t\t\t<\/div>\n\t\t\t\t\t<\/div>\n\t\t<\/div>\n\t\t\t\t<div class=\"elementor-column elementor-col-33 elementor-inner-column elementor-element elementor-element-1f0c4af\" data-id=\"1f0c4af\" data-element_type=\"column\" data-e-type=\"column\">\n\t\t\t<div class=\"elementor-widget-wrap\">\n\t\t\t\t\t\t\t<\/div>\n\t\t<\/div>\n\t\t\t\t\t<\/div>\n\t\t<\/section>\n\t\t\t\t<\/div>\n\t\t","protected":false},"excerpt":{"rendered":"<p>bENNE SCAVO RINFORZATE Scopri la nostra gamma di Benne Scavo Rinforzate La gamma di Benne Scavo Rinforzate Trimeccanica mantiene le caratteristiche delle Benne Standard,\u00a0 sebbene siano realizzate con materiali resistenti a maggior usura. BENNA SPECIAL Benna Special SPC rinforzata con taglienti migliora la qualit\u00e0 dello scavo in larghezze strette. Scopri di pi\u00f9 BENNA HDX Benna HDX \u00e8 adatta all&#8217;utilizzo su terreni compatti per la movimentazione, scavo e carico. Scopri di pi\u00f9<\/p>\n","protected":false},"author":1,"featured_media":0,"parent":858,"menu_order":0,"comment_status":"closed","ping_status":"closed","template":"","meta":{"site-sidebar-layout":"no-sidebar","site-content-layout":"page-builder","ast-global-header-display":"","ast-main-header-display":"","ast-hfb-above-header-display":"","ast-hfb-below-header-display":"","ast-hfb-mobile-header-display":"","site-post-title":"disabled","ast-breadcrumbs-content":"","ast-featured-img":"disabled","footer-sml-layout":"","theme-transparent-header-meta":"enabled","adv-header-id-meta":"","stick-header-meta":"","header-above-stick-meta":"","header-main-stick-meta":"","header-below-stick-meta":"","footnotes":""},"class_list":["post-892","page","type-page","status-publish","hentry"],"yoast_head":"<!-- This site is optimized with the Yoast SEO plugin v27.6 - https:\/\/yoast.com\/product\/yoast-seo-wordpress\/ -->\n<title>Benne Scavo Rinforzate - Trimeccanica<\/title>\n<meta name=\"robots\" content=\"index, follow, max-snippet:-1, max-image-preview:large, max-video-preview:-1\" \/>\n<link rel=\"canonical\" href=\"https:\/\/www.trimeccanica.com\/it\/prodotti\/attrezzature-per-escavatori\/benne-scavo-rinforzate\/\" \/>\n<meta property=\"og:locale\" content=\"it_IT\" \/>\n<meta property=\"og:type\" content=\"article\" \/>\n<meta property=\"og:title\" content=\"Benne Scavo Rinforzate - Trimeccanica\" \/>\n<meta property=\"og:description\" content=\"bENNE SCAVO RINFORZATE Scopri la nostra gamma di Benne Scavo Rinforzate La gamma di Benne Scavo Rinforzate Trimeccanica mantiene le caratteristiche delle Benne Standard,\u00a0 sebbene siano realizzate con materiali resistenti a maggior usura. BENNA SPECIAL Benna Special SPC rinforzata con taglienti migliora la qualit\u00e0 dello scavo in larghezze strette. Scopri di pi\u00f9 BENNA HDX Benna HDX \u00e8 adatta all&#8217;utilizzo su terreni compatti per la movimentazione, scavo e carico. Scopri di pi\u00f9\" \/>\n<meta property=\"og:url\" content=\"https:\/\/www.trimeccanica.com\/it\/prodotti\/attrezzature-per-escavatori\/benne-scavo-rinforzate\/\" \/>\n<meta property=\"og:site_name\" content=\"Trimeccanica\" \/>\n<meta property=\"article:modified_time\" content=\"2023-02-16T06:38:13+00:00\" \/>\n<meta property=\"og:image\" content=\"https:\/\/www.trimeccanica.com\/wp-content\/uploads\/2023\/02\/GOPR7256-removebg-preview.png\" \/>\n<meta name=\"twitter:card\" content=\"summary_large_image\" \/>\n<script type=\"application\/ld+json\" class=\"yoast-schema-graph\">{\"@context\":\"https:\\\/\\\/schema.org\",\"@graph\":[{\"@type\":\"WebPage\",\"@id\":\"https:\\\/\\\/www.trimeccanica.com\\\/it\\\/prodotti\\\/attrezzature-per-escavatori\\\/benne-scavo-rinforzate\\\/\",\"url\":\"https:\\\/\\\/www.trimeccanica.com\\\/it\\\/prodotti\\\/attrezzature-per-escavatori\\\/benne-scavo-rinforzate\\\/\",\"name\":\"Benne Scavo Rinforzate - Trimeccanica\",\"isPartOf\":{\"@id\":\"https:\\\/\\\/www.trimeccanica.com\\\/it\\\/#website\"},\"primaryImageOfPage\":{\"@id\":\"https:\\\/\\\/www.trimeccanica.com\\\/it\\\/prodotti\\\/attrezzature-per-escavatori\\\/benne-scavo-rinforzate\\\/#primaryimage\"},\"image\":{\"@id\":\"https:\\\/\\\/www.trimeccanica.com\\\/it\\\/prodotti\\\/attrezzature-per-escavatori\\\/benne-scavo-rinforzate\\\/#primaryimage\"},\"thumbnailUrl\":\"https:\\\/\\\/www.trimeccanica.com\\\/wp-content\\\/uploads\\\/2023\\\/02\\\/GOPR7256-removebg-preview.png\",\"datePublished\":\"2023-01-22T20:19:10+00:00\",\"dateModified\":\"2023-02-16T06:38:13+00:00\",\"breadcrumb\":{\"@id\":\"https:\\\/\\\/www.trimeccanica.com\\\/it\\\/prodotti\\\/attrezzature-per-escavatori\\\/benne-scavo-rinforzate\\\/#breadcrumb\"},\"inLanguage\":\"it-IT\",\"potentialAction\":[{\"@type\":\"ReadAction\",\"target\":[\"https:\\\/\\\/www.trimeccanica.com\\\/it\\\/prodotti\\\/attrezzature-per-escavatori\\\/benne-scavo-rinforzate\\\/\"]}]},{\"@type\":\"ImageObject\",\"inLanguage\":\"it-IT\",\"@id\":\"https:\\\/\\\/www.trimeccanica.com\\\/it\\\/prodotti\\\/attrezzature-per-escavatori\\\/benne-scavo-rinforzate\\\/#primaryimage\",\"url\":\"https:\\\/\\\/www.trimeccanica.com\\\/wp-content\\\/uploads\\\/2023\\\/02\\\/GOPR7256-removebg-preview.png\",\"contentUrl\":\"https:\\\/\\\/www.trimeccanica.com\\\/wp-content\\\/uploads\\\/2023\\\/02\\\/GOPR7256-removebg-preview.png\"},{\"@type\":\"BreadcrumbList\",\"@id\":\"https:\\\/\\\/www.trimeccanica.com\\\/it\\\/prodotti\\\/attrezzature-per-escavatori\\\/benne-scavo-rinforzate\\\/#breadcrumb\",\"itemListElement\":[{\"@type\":\"ListItem\",\"position\":1,\"name\":\"Home\",\"item\":\"https:\\\/\\\/www.trimeccanica.com\\\/it\\\/\"},{\"@type\":\"ListItem\",\"position\":2,\"name\":\"Prodotti\",\"item\":\"https:\\\/\\\/www.trimeccanica.com\\\/it\\\/prodotti\\\/\"},{\"@type\":\"ListItem\",\"position\":3,\"name\":\"Attrezzature per escavatori\",\"item\":\"https:\\\/\\\/www.trimeccanica.com\\\/it\\\/prodotti\\\/attrezzature-per-escavatori\\\/\"},{\"@type\":\"ListItem\",\"position\":4,\"name\":\"Benne Scavo Rinforzate\"}]},{\"@type\":\"WebSite\",\"@id\":\"https:\\\/\\\/www.trimeccanica.com\\\/it\\\/#website\",\"url\":\"https:\\\/\\\/www.trimeccanica.com\\\/it\\\/\",\"name\":\"Trimeccanica\",\"description\":\"\",\"publisher\":{\"@id\":\"https:\\\/\\\/www.trimeccanica.com\\\/it\\\/#organization\"},\"potentialAction\":[{\"@type\":\"SearchAction\",\"target\":{\"@type\":\"EntryPoint\",\"urlTemplate\":\"https:\\\/\\\/www.trimeccanica.com\\\/it\\\/?s={search_term_string}\"},\"query-input\":{\"@type\":\"PropertyValueSpecification\",\"valueRequired\":true,\"valueName\":\"search_term_string\"}}],\"inLanguage\":\"it-IT\"},{\"@type\":\"Organization\",\"@id\":\"https:\\\/\\\/www.trimeccanica.com\\\/it\\\/#organization\",\"name\":\"Trimeccanica\",\"url\":\"https:\\\/\\\/www.trimeccanica.com\\\/it\\\/\",\"logo\":{\"@type\":\"ImageObject\",\"inLanguage\":\"it-IT\",\"@id\":\"https:\\\/\\\/www.trimeccanica.com\\\/it\\\/#\\\/schema\\\/logo\\\/image\\\/\",\"url\":\"https:\\\/\\\/www.trimeccanica.com\\\/wp-content\\\/uploads\\\/2023\\\/03\\\/logo-white.png\",\"contentUrl\":\"https:\\\/\\\/www.trimeccanica.com\\\/wp-content\\\/uploads\\\/2023\\\/03\\\/logo-white.png\",\"width\":1305,\"height\":270,\"caption\":\"Trimeccanica\"},\"image\":{\"@id\":\"https:\\\/\\\/www.trimeccanica.com\\\/it\\\/#\\\/schema\\\/logo\\\/image\\\/\"}}]}<\/script>\n<!-- \/ Yoast SEO plugin. -->","yoast_head_json":{"title":"Benne Scavo Rinforzate - Trimeccanica","robots":{"index":"index","follow":"follow","max-snippet":"max-snippet:-1","max-image-preview":"max-image-preview:large","max-video-preview":"max-video-preview:-1"},"canonical":"https:\/\/www.trimeccanica.com\/it\/prodotti\/attrezzature-per-escavatori\/benne-scavo-rinforzate\/","og_locale":"it_IT","og_type":"article","og_title":"Benne Scavo Rinforzate - Trimeccanica","og_description":"bENNE SCAVO RINFORZATE Scopri la nostra gamma di Benne Scavo Rinforzate La gamma di Benne Scavo Rinforzate Trimeccanica mantiene le caratteristiche delle Benne Standard,\u00a0 sebbene siano realizzate con materiali resistenti a maggior usura. BENNA SPECIAL Benna Special SPC rinforzata con taglienti migliora la qualit\u00e0 dello scavo in larghezze strette. Scopri di pi\u00f9 BENNA HDX Benna HDX \u00e8 adatta all&#8217;utilizzo su terreni compatti per la movimentazione, scavo e carico. Scopri di pi\u00f9","og_url":"https:\/\/www.trimeccanica.com\/it\/prodotti\/attrezzature-per-escavatori\/benne-scavo-rinforzate\/","og_site_name":"Trimeccanica","article_modified_time":"2023-02-16T06:38:13+00:00","og_image":[{"url":"https:\/\/www.trimeccanica.com\/wp-content\/uploads\/2023\/02\/GOPR7256-removebg-preview.png","type":"","width":"","height":""}],"twitter_card":"summary_large_image","schema":{"@context":"https:\/\/schema.org","@graph":[{"@type":"WebPage","@id":"https:\/\/www.trimeccanica.com\/it\/prodotti\/attrezzature-per-escavatori\/benne-scavo-rinforzate\/","url":"https:\/\/www.trimeccanica.com\/it\/prodotti\/attrezzature-per-escavatori\/benne-scavo-rinforzate\/","name":"Benne Scavo Rinforzate - Trimeccanica","isPartOf":{"@id":"https:\/\/www.trimeccanica.com\/it\/#website"},"primaryImageOfPage":{"@id":"https:\/\/www.trimeccanica.com\/it\/prodotti\/attrezzature-per-escavatori\/benne-scavo-rinforzate\/#primaryimage"},"image":{"@id":"https:\/\/www.trimeccanica.com\/it\/prodotti\/attrezzature-per-escavatori\/benne-scavo-rinforzate\/#primaryimage"},"thumbnailUrl":"https:\/\/www.trimeccanica.com\/wp-content\/uploads\/2023\/02\/GOPR7256-removebg-preview.png","datePublished":"2023-01-22T20:19:10+00:00","dateModified":"2023-02-16T06:38:13+00:00","breadcrumb":{"@id":"https:\/\/www.trimeccanica.com\/it\/prodotti\/attrezzature-per-escavatori\/benne-scavo-rinforzate\/#breadcrumb"},"inLanguage":"it-IT","potentialAction":[{"@type":"ReadAction","target":["https:\/\/www.trimeccanica.com\/it\/prodotti\/attrezzature-per-escavatori\/benne-scavo-rinforzate\/"]}]},{"@type":"ImageObject","inLanguage":"it-IT","@id":"https:\/\/www.trimeccanica.com\/it\/prodotti\/attrezzature-per-escavatori\/benne-scavo-rinforzate\/#primaryimage","url":"https:\/\/www.trimeccanica.com\/wp-content\/uploads\/2023\/02\/GOPR7256-removebg-preview.png","contentUrl":"https:\/\/www.trimeccanica.com\/wp-content\/uploads\/2023\/02\/GOPR7256-removebg-preview.png"},{"@type":"BreadcrumbList","@id":"https:\/\/www.trimeccanica.com\/it\/prodotti\/attrezzature-per-escavatori\/benne-scavo-rinforzate\/#breadcrumb","itemListElement":[{"@type":"ListItem","position":1,"name":"Home","item":"https:\/\/www.trimeccanica.com\/it\/"},{"@type":"ListItem","position":2,"name":"Prodotti","item":"https:\/\/www.trimeccanica.com\/it\/prodotti\/"},{"@type":"ListItem","position":3,"name":"Attrezzature per escavatori","item":"https:\/\/www.trimeccanica.com\/it\/prodotti\/attrezzature-per-escavatori\/"},{"@type":"ListItem","position":4,"name":"Benne Scavo Rinforzate"}]},{"@type":"WebSite","@id":"https:\/\/www.trimeccanica.com\/it\/#website","url":"https:\/\/www.trimeccanica.com\/it\/","name":"Trimeccanica","description":"","publisher":{"@id":"https:\/\/www.trimeccanica.com\/it\/#organization"},"potentialAction":[{"@type":"SearchAction","target":{"@type":"EntryPoint","urlTemplate":"https:\/\/www.trimeccanica.com\/it\/?s={search_term_string}"},"query-input":{"@type":"PropertyValueSpecification","valueRequired":true,"valueName":"search_term_string"}}],"inLanguage":"it-IT"},{"@type":"Organization","@id":"https:\/\/www.trimeccanica.com\/it\/#organization","name":"Trimeccanica","url":"https:\/\/www.trimeccanica.com\/it\/","logo":{"@type":"ImageObject","inLanguage":"it-IT","@id":"https:\/\/www.trimeccanica.com\/it\/#\/schema\/logo\/image\/","url":"https:\/\/www.trimeccanica.com\/wp-content\/uploads\/2023\/03\/logo-white.png","contentUrl":"https:\/\/www.trimeccanica.com\/wp-content\/uploads\/2023\/03\/logo-white.png","width":1305,"height":270,"caption":"Trimeccanica"},"image":{"@id":"https:\/\/www.trimeccanica.com\/it\/#\/schema\/logo\/image\/"}}]}},"_links":{"self":[{"href":"https:\/\/www.trimeccanica.com\/it\/wp-json\/wp\/v2\/pages\/892","targetHints":{"allow":["GET"]}}],"collection":[{"href":"https:\/\/www.trimeccanica.com\/it\/wp-json\/wp\/v2\/pages"}],"about":[{"href":"https:\/\/www.trimeccanica.com\/it\/wp-json\/wp\/v2\/types\/page"}],"author":[{"embeddable":true,"href":"https:\/\/www.trimeccanica.com\/it\/wp-json\/wp\/v2\/users\/1"}],"replies":[{"embeddable":true,"href":"https:\/\/www.trimeccanica.com\/it\/wp-json\/wp\/v2\/comments?post=892"}],"version-history":[{"count":2,"href":"https:\/\/www.trimeccanica.com\/it\/wp-json\/wp\/v2\/pages\/892\/revisions"}],"predecessor-version":[{"id":2179,"href":"https:\/\/www.trimeccanica.com\/it\/wp-json\/wp\/v2\/pages\/892\/revisions\/2179"}],"up":[{"embeddable":true,"href":"https:\/\/www.trimeccanica.com\/it\/wp-json\/wp\/v2\/pages\/858"}],"wp:attachment":[{"href":"https:\/\/www.trimeccanica.com\/it\/wp-json\/wp\/v2\/media?parent=892"}],"curies":[{"name":"wp","href":"https:\/\/api.w.org\/{rel}","templated":true}]}}